{"id":821,"date":"2023-06-28T12:31:35","date_gmt":"2023-06-28T15:31:35","guid":{"rendered":"https:\/\/janesantospsicologia.com.br\/?page_id=821"},"modified":"2023-08-11T12:10:07","modified_gmt":"2023-08-11T15:10:07","slug":"infantil-e-adolescente","status":"publish","type":"page","link":"https:\/\/janesantospsicologia.com.br\/index.php\/psicologa-em-jundiai\/infantil-e-adolescente\/","title":{"rendered":"Infantil e adolescente"},"content":{"rendered":"\n<p>A psicologia infantil e adolescente \u00e9 uma \u00e1rea especializada que se dedica a compreender e atender \u00e0s necessidades emocionais, comportamentais e cognitivas das crian\u00e7as e dos adolescentes. Durante essas fases da vida, os indiv\u00edduos enfrentam desafios \u00fanicos e passam por diversas transforma\u00e7\u00f5es.<\/p>\n\n\n\n<p><br>Em Jundia\u00ed, uma especialista em psicologia infantil e adolescente est\u00e1 pronta para auxiliar seu filho(a) nessa fase de desenvolvimento. Com experi\u00eancia e conhecimento avan\u00e7ado, estou aqui para oferecer apoio e orienta\u00e7\u00e3o necess\u00e1ria durante o desenvolvimento desses jovens.<\/p>\n\n\n\n<p><br>Como profissional comprometida em ajudar as crian\u00e7as e os adolescentes a lidar com quest\u00f5es emocionais, enfrentar desafios sociais e familiares, desenvolver habilidades de comunica\u00e7\u00e3o e construir uma autoimagem saud\u00e1vel, ofere\u00e7o atendimentos individuais e em fam\u00edlia para podermos explorar as ra\u00edzes dos problemas, desenvolver estrat\u00e9gias para lidar com as dificuldades individuas e familiares.<\/p>\n\n\n\n<p><br>Durante nosso processo terap\u00eautico, em sess\u00f5es individuais, trabalharei junto as crian\u00e7as e os adolescentes para poder explorar seus sentimentos, compreender suas emo\u00e7\u00f5es e desenvolver estrat\u00e9gias para lidar com os desafios que enfrentam, fornecendo orienta\u00e7\u00f5es e suporte para promover um ambiente familiar saud\u00e1vel e apoiador.<\/p>\n\n\n\n<p><br>\u00c9 importante lembrar que a inf\u00e2ncia e a adolesc\u00eancia s\u00e3o per\u00edodos cr\u00edticos de desenvolvimento, nos quais os jovens est\u00e3o moldando sua identidade e construindo as bases para o futuro. O apoio adequado nessa fase pode ter um impacto significativo no bem-estar e na qualidade de vida desses indiv\u00edduos. Portanto, n\u00e3o adie mais a busca pelo suporte que sua fam\u00edlia merece. Se voc\u00ea \u00e9 um pai, uma m\u00e3e ou um jovem em busca de apoio emocional e psicol\u00f3gico agende uma sess\u00e3o comigo hoje mesmo, clicando no bot\u00e3o de WhatsApp abaixo.<\/p>\n\n\n\n<p>Lembre-se de que esse \u00e9 um passo importante para promover o desenvolvimento saud\u00e1vel e a constru\u00e7\u00e3o de uma base emocional s\u00f3lida. Com o apoio de uma psic\u00f3loga experiente em Jundia\u00ed, voc\u00ea poder\u00e1 fornecer ao seu filho(a) a orienta\u00e7\u00e3o necess\u00e1ria para a sua fase de desenvolvimento.<\/p>\n\n\n\n<p>Clique no bot\u00e3o abaixo e agende sua consulta. De o primeiro passo para o bem-estar e o crescimento saud\u00e1vel da crian\u00e7a ou do adolescente. Estou aqui para apoi\u00e1-lo(a) em seu caminho e fornecer o apoio necess\u00e1rio para enfrentar os desafios e alcan\u00e7ar o seu pleno&nbsp;potencial.<\/p>\n","protected":false},"excerpt":{"rendered":"<p>Psic\u00f3loga do desenvolvimento, papel fundamental no apoio ao bem-estar emocional e no desenvolvimento saud\u00e1vel desses indiv\u00edduos\u2026<\/p>\n","protected":false},"author":1,"featured_media":2150,"parent":9,"menu_order":0,"comment_status":"closed","ping_status":"closed","template":"","meta":{"_joinchat":[],"footnotes":""},"class_list":["post-821","page","type-page","status-publish","has-post-thumbnail","hentry"],"yoast_head":"<!-- This site is optimized with the Yoast SEO plugin v27.3 - https:\/\/yoast.com\/product\/yoast-seo-wordpress\/ -->\n<title>Infantil e Adolescente - Jane Santos - Psic\u00f3loga em Jundia\u00ed<\/title>\n<meta name=\"description\" content=\"Psicologia Infantil e Adolescente em Jundia\u00ed: Apoio especializado para o desenvolvimento emocional e comportamental. Agende sua consulta hoje mesmo e promova o bem-estar do seu filho(a).\" \/>\n<meta name=\"robots\" content=\"index, follow, max-snippet:-1, max-image-preview:large, max-video-preview:-1\" \/>\n<link rel=\"canonical\" href=\"https:\/\/janesantospsicologia.com.br\/index.php\/psicologa-em-jundiai\/infantil-e-adolescente\/\" \/>\n<meta property=\"og:locale\" content=\"pt_BR\" \/>\n<meta property=\"og:type\" content=\"article\" \/>\n<meta property=\"og:title\" content=\"Psicologia Infantil e Adolescente em Jundia\u00ed.\" \/>\n<meta property=\"og:description\" content=\"Psicologia Infantil e Adolescente em Jundia\u00ed: Apoio especializado para o desenvolvimento emocional e comportamental. Agende sua consulta hoje mesmo e promova o bem-estar do seu filho(a).\" \/>\n<meta property=\"og:url\" content=\"https:\/\/janesantospsicologia.com.br\/index.php\/psicologa-em-jundiai\/infantil-e-adolescente\/\" \/>\n<meta property=\"og:site_name\" content=\"Jane Santos - Psic\u00f3loga em Jundia\u00ed\" \/>\n<meta property=\"article:modified_time\" content=\"2023-08-11T15:10:07+00:00\" \/>\n<meta name=\"twitter:card\" content=\"summary_large_image\" \/>\n<meta name=\"twitter:title\" content=\"Psicologia Infantil e Adolescente em Jundia\u00ed.\" \/>\n<meta name=\"twitter:description\" content=\"Psicologia Infantil e Adolescente em Jundia\u00ed: Apoio especializado para o desenvolvimento emocional e comportamental. Agende sua consulta hoje mesmo e promova o bem-estar do seu filho(a).\" \/>\n<meta name=\"twitter:label1\" content=\"Est. tempo de leitura\" \/>\n\t<meta name=\"twitter:data1\" content=\"2 minutos\" \/>\n<script type=\"application\/ld+json\" class=\"yoast-schema-graph\">{\"@context\":\"https:\\\/\\\/schema.org\",\"@graph\":[{\"@type\":\"WebPage\",\"@id\":\"https:\\\/\\\/janesantospsicologia.com.br\\\/index.php\\\/psicologa-em-jundiai\\\/infantil-e-adolescente\\\/\",\"url\":\"https:\\\/\\\/janesantospsicologia.com.br\\\/index.php\\\/psicologa-em-jundiai\\\/infantil-e-adolescente\\\/\",\"name\":\"Infantil e Adolescente - Jane Santos - Psic\u00f3loga em Jundia\u00ed\",\"isPartOf\":{\"@id\":\"https:\\\/\\\/janesantospsicologia.com.br\\\/#website\"},\"primaryImageOfPage\":{\"@id\":\"https:\\\/\\\/janesantospsicologia.com.br\\\/index.php\\\/psicologa-em-jundiai\\\/infantil-e-adolescente\\\/#primaryimage\"},\"image\":{\"@id\":\"https:\\\/\\\/janesantospsicologia.com.br\\\/index.php\\\/psicologa-em-jundiai\\\/infantil-e-adolescente\\\/#primaryimage\"},\"thumbnailUrl\":\"https:\\\/\\\/janesantospsicologia.com.br\\\/wp-content\\\/uploads\\\/2023\\\/08\\\/Imagem-do-WhatsApp-de-2023-07-22-as-14.32.18.webp\",\"datePublished\":\"2023-06-28T15:31:35+00:00\",\"dateModified\":\"2023-08-11T15:10:07+00:00\",\"description\":\"Psicologia Infantil e Adolescente em Jundia\u00ed: Apoio especializado para o desenvolvimento emocional e comportamental. Agende sua consulta hoje mesmo e promova o bem-estar do seu filho(a).\",\"breadcrumb\":{\"@id\":\"https:\\\/\\\/janesantospsicologia.com.br\\\/index.php\\\/psicologa-em-jundiai\\\/infantil-e-adolescente\\\/#breadcrumb\"},\"inLanguage\":\"pt-BR\",\"potentialAction\":[{\"@type\":\"ReadAction\",\"target\":[\"https:\\\/\\\/janesantospsicologia.com.br\\\/index.php\\\/psicologa-em-jundiai\\\/infantil-e-adolescente\\\/\"]}]},{\"@type\":\"ImageObject\",\"inLanguage\":\"pt-BR\",\"@id\":\"https:\\\/\\\/janesantospsicologia.com.br\\\/index.php\\\/psicologa-em-jundiai\\\/infantil-e-adolescente\\\/#primaryimage\",\"url\":\"https:\\\/\\\/janesantospsicologia.com.br\\\/wp-content\\\/uploads\\\/2023\\\/08\\\/Imagem-do-WhatsApp-de-2023-07-22-as-14.32.18.webp\",\"contentUrl\":\"https:\\\/\\\/janesantospsicologia.com.br\\\/wp-content\\\/uploads\\\/2023\\\/08\\\/Imagem-do-WhatsApp-de-2023-07-22-as-14.32.18.webp\",\"width\":1280,\"height\":853,\"caption\":\"Neuropsicologia e Ps\u00edcologa em Jundia\u00ed\"},{\"@type\":\"BreadcrumbList\",\"@id\":\"https:\\\/\\\/janesantospsicologia.com.br\\\/index.php\\\/psicologa-em-jundiai\\\/infantil-e-adolescente\\\/#breadcrumb\",\"itemListElement\":[{\"@type\":\"ListItem\",\"position\":1,\"name\":\"In\u00edcio\",\"item\":\"https:\\\/\\\/janesantospsicologia.com.br\\\/\"},{\"@type\":\"ListItem\",\"position\":2,\"name\":\"Home\",\"item\":\"https:\\\/\\\/janesantospsicologia.com.br\\\/?page_id=9\"},{\"@type\":\"ListItem\",\"position\":3,\"name\":\"Infantil e adolescente\"}]},{\"@type\":\"WebSite\",\"@id\":\"https:\\\/\\\/janesantospsicologia.com.br\\\/#website\",\"url\":\"https:\\\/\\\/janesantospsicologia.com.br\\\/\",\"name\":\"Jane Santos\",\"description\":\"Em busca de atendimento psicol\u00f3gico em Jundia\u00ed? Somos especialistas em ajudar voc\u00ea a superar desafios, promover bem-estar e encontrar equil\u00edbrio emocional. Agende uma consulta hoje mesmo e comece sua jornada de transforma\u00e7\u00e3o e crescimento pessoal.\",\"publisher\":{\"@id\":\"https:\\\/\\\/janesantospsicologia.com.br\\\/#organization\"},\"potentialAction\":[{\"@type\":\"SearchAction\",\"target\":{\"@type\":\"EntryPoint\",\"urlTemplate\":\"https:\\\/\\\/janesantospsicologia.com.br\\\/?s={search_term_string}\"},\"query-input\":{\"@type\":\"PropertyValueSpecification\",\"valueRequired\":true,\"valueName\":\"search_term_string\"}}],\"inLanguage\":\"pt-BR\"},{\"@type\":\"Organization\",\"@id\":\"https:\\\/\\\/janesantospsicologia.com.br\\\/#organization\",\"name\":\"Psic\u00f3loga em Jundia\u00ed\",\"url\":\"https:\\\/\\\/janesantospsicologia.com.br\\\/\",\"logo\":{\"@type\":\"ImageObject\",\"inLanguage\":\"pt-BR\",\"@id\":\"https:\\\/\\\/janesantospsicologia.com.br\\\/#\\\/schema\\\/logo\\\/image\\\/\",\"url\":\"https:\\\/\\\/janesantospsicologia.com.br\\\/wp-content\\\/uploads\\\/2023\\\/06\\\/arvore-da-vida.png\",\"contentUrl\":\"https:\\\/\\\/janesantospsicologia.com.br\\\/wp-content\\\/uploads\\\/2023\\\/06\\\/arvore-da-vida.png\",\"width\":512,\"height\":512,\"caption\":\"Psic\u00f3loga em Jundia\u00ed\"},\"image\":{\"@id\":\"https:\\\/\\\/janesantospsicologia.com.br\\\/#\\\/schema\\\/logo\\\/image\\\/\"}}]}<\/script>\n<!-- \/ Yoast SEO plugin. -->","yoast_head_json":{"title":"Infantil e Adolescente - Jane Santos - Psic\u00f3loga em Jundia\u00ed","description":"Psicologia Infantil e Adolescente em Jundia\u00ed: Apoio especializado para o desenvolvimento emocional e comportamental. Agende sua consulta hoje mesmo e promova o bem-estar do seu filho(a).","robots":{"index":"index","follow":"follow","max-snippet":"max-snippet:-1","max-image-preview":"max-image-preview:large","max-video-preview":"max-video-preview:-1"},"canonical":"https:\/\/janesantospsicologia.com.br\/index.php\/psicologa-em-jundiai\/infantil-e-adolescente\/","og_locale":"pt_BR","og_type":"article","og_title":"Psicologia Infantil e Adolescente em Jundia\u00ed.","og_description":"Psicologia Infantil e Adolescente em Jundia\u00ed: Apoio especializado para o desenvolvimento emocional e comportamental. Agende sua consulta hoje mesmo e promova o bem-estar do seu filho(a).","og_url":"https:\/\/janesantospsicologia.com.br\/index.php\/psicologa-em-jundiai\/infantil-e-adolescente\/","og_site_name":"Jane Santos - Psic\u00f3loga em Jundia\u00ed","article_modified_time":"2023-08-11T15:10:07+00:00","twitter_card":"summary_large_image","twitter_title":"Psicologia Infantil e Adolescente em Jundia\u00ed.","twitter_description":"Psicologia Infantil e Adolescente em Jundia\u00ed: Apoio especializado para o desenvolvimento emocional e comportamental. Agende sua consulta hoje mesmo e promova o bem-estar do seu filho(a).","twitter_misc":{"Est. tempo de leitura":"2 minutos"},"schema":{"@context":"https:\/\/schema.org","@graph":[{"@type":"WebPage","@id":"https:\/\/janesantospsicologia.com.br\/index.php\/psicologa-em-jundiai\/infantil-e-adolescente\/","url":"https:\/\/janesantospsicologia.com.br\/index.php\/psicologa-em-jundiai\/infantil-e-adolescente\/","name":"Infantil e Adolescente - Jane Santos - Psic\u00f3loga em Jundia\u00ed","isPartOf":{"@id":"https:\/\/janesantospsicologia.com.br\/#website"},"primaryImageOfPage":{"@id":"https:\/\/janesantospsicologia.com.br\/index.php\/psicologa-em-jundiai\/infantil-e-adolescente\/#primaryimage"},"image":{"@id":"https:\/\/janesantospsicologia.com.br\/index.php\/psicologa-em-jundiai\/infantil-e-adolescente\/#primaryimage"},"thumbnailUrl":"https:\/\/janesantospsicologia.com.br\/wp-content\/uploads\/2023\/08\/Imagem-do-WhatsApp-de-2023-07-22-as-14.32.18.webp","datePublished":"2023-06-28T15:31:35+00:00","dateModified":"2023-08-11T15:10:07+00:00","description":"Psicologia Infantil e Adolescente em Jundia\u00ed: Apoio especializado para o desenvolvimento emocional e comportamental. Agende sua consulta hoje mesmo e promova o bem-estar do seu filho(a).","breadcrumb":{"@id":"https:\/\/janesantospsicologia.com.br\/index.php\/psicologa-em-jundiai\/infantil-e-adolescente\/#breadcrumb"},"inLanguage":"pt-BR","potentialAction":[{"@type":"ReadAction","target":["https:\/\/janesantospsicologia.com.br\/index.php\/psicologa-em-jundiai\/infantil-e-adolescente\/"]}]},{"@type":"ImageObject","inLanguage":"pt-BR","@id":"https:\/\/janesantospsicologia.com.br\/index.php\/psicologa-em-jundiai\/infantil-e-adolescente\/#primaryimage","url":"https:\/\/janesantospsicologia.com.br\/wp-content\/uploads\/2023\/08\/Imagem-do-WhatsApp-de-2023-07-22-as-14.32.18.webp","contentUrl":"https:\/\/janesantospsicologia.com.br\/wp-content\/uploads\/2023\/08\/Imagem-do-WhatsApp-de-2023-07-22-as-14.32.18.webp","width":1280,"height":853,"caption":"Neuropsicologia e Ps\u00edcologa em Jundia\u00ed"},{"@type":"BreadcrumbList","@id":"https:\/\/janesantospsicologia.com.br\/index.php\/psicologa-em-jundiai\/infantil-e-adolescente\/#breadcrumb","itemListElement":[{"@type":"ListItem","position":1,"name":"In\u00edcio","item":"https:\/\/janesantospsicologia.com.br\/"},{"@type":"ListItem","position":2,"name":"Home","item":"https:\/\/janesantospsicologia.com.br\/?page_id=9"},{"@type":"ListItem","position":3,"name":"Infantil e adolescente"}]},{"@type":"WebSite","@id":"https:\/\/janesantospsicologia.com.br\/#website","url":"https:\/\/janesantospsicologia.com.br\/","name":"Jane Santos","description":"Em busca de atendimento psicol\u00f3gico em Jundia\u00ed? Somos especialistas em ajudar voc\u00ea a superar desafios, promover bem-estar e encontrar equil\u00edbrio emocional. Agende uma consulta hoje mesmo e comece sua jornada de transforma\u00e7\u00e3o e crescimento pessoal.","publisher":{"@id":"https:\/\/janesantospsicologia.com.br\/#organization"},"potentialAction":[{"@type":"SearchAction","target":{"@type":"EntryPoint","urlTemplate":"https:\/\/janesantospsicologia.com.br\/?s={search_term_string}"},"query-input":{"@type":"PropertyValueSpecification","valueRequired":true,"valueName":"search_term_string"}}],"inLanguage":"pt-BR"},{"@type":"Organization","@id":"https:\/\/janesantospsicologia.com.br\/#organization","name":"Psic\u00f3loga em Jundia\u00ed","url":"https:\/\/janesantospsicologia.com.br\/","logo":{"@type":"ImageObject","inLanguage":"pt-BR","@id":"https:\/\/janesantospsicologia.com.br\/#\/schema\/logo\/image\/","url":"https:\/\/janesantospsicologia.com.br\/wp-content\/uploads\/2023\/06\/arvore-da-vida.png","contentUrl":"https:\/\/janesantospsicologia.com.br\/wp-content\/uploads\/2023\/06\/arvore-da-vida.png","width":512,"height":512,"caption":"Psic\u00f3loga em Jundia\u00ed"},"image":{"@id":"https:\/\/janesantospsicologia.com.br\/#\/schema\/logo\/image\/"}}]}},"_links":{"self":[{"href":"https:\/\/janesantospsicologia.com.br\/index.php\/wp-json\/wp\/v2\/pages\/821","targetHints":{"allow":["GET"]}}],"collection":[{"href":"https:\/\/janesantospsicologia.com.br\/index.php\/wp-json\/wp\/v2\/pages"}],"about":[{"href":"https:\/\/janesantospsicologia.com.br\/index.php\/wp-json\/wp\/v2\/types\/page"}],"author":[{"embeddable":true,"href":"https:\/\/janesantospsicologia.com.br\/index.php\/wp-json\/wp\/v2\/users\/1"}],"replies":[{"embeddable":true,"href":"https:\/\/janesantospsicologia.com.br\/index.php\/wp-json\/wp\/v2\/comments?post=821"}],"version-history":[{"count":0,"href":"https:\/\/janesantospsicologia.com.br\/index.php\/wp-json\/wp\/v2\/pages\/821\/revisions"}],"up":[{"embeddable":true,"href":"https:\/\/janesantospsicologia.com.br\/index.php\/wp-json\/wp\/v2\/pages\/9"}],"wp:featuredmedia":[{"embeddable":true,"href":"https:\/\/janesantospsicologia.com.br\/index.php\/wp-json\/wp\/v2\/media\/2150"}],"wp:attachment":[{"href":"https:\/\/janesantospsicologia.com.br\/index.php\/wp-json\/wp\/v2\/media?parent=821"}],"curies":[{"name":"wp","href":"https:\/\/api.w.org\/{rel}","templated":true}]}}